{"id":4248,"date":"2025-03-06T12:30:11","date_gmt":"2025-03-06T09:30:11","guid":{"rendered":"https:\/\/teknikseminer.com.tr\/?page_id=4248"},"modified":"2026-02-25T17:05:34","modified_gmt":"2026-02-25T14:05:34","slug":"gecmis-etkinlikler","status":"publish","type":"page","link":"https:\/\/teknikseminer.com.tr\/en\/gecmis-etkinlikler\/","title":{"rendered":"Past Events"},"content":{"rendered":"<div data-elementor-type=\"wp-page\" data-elementor-id=\"4248\" class=\"elementor elementor-4248\">\n\t\t\t\t<div class=\"elementor-element elementor-element-193f3b9 e-flex e-con-boxed e-con e-parent\" data-id=\"193f3b9\" data-element_type=\"container\" data-settings=\"{&quot;grandconference_ext_is_background_parallax&quot;:&quot;false&quot;,&quot;grandconference_ext_is_background_backdrop&quot;:&quot;false&quot;,&quot;grandconference_ext_is_background_on_scroll&quot;:&quot;false&quot;,&quot;grandconference_ext_link_sidemenu&quot;:&quot;false&quot;,&quot;grandconference_ext_link_fullmenu&quot;:&quot;false&quot;,&quot;grandconference_ext_link_closed_fullmenu&quot;:&quot;false&quot;,&quot;grandconference_ext_is_sticky&quot;:&quot;false&quot;,&quot;grandconference_ext_is_scrollme&quot;:&quot;false&quot;,&quot;grandconference_ext_is_smoove&quot;:&quot;false&quot;,&quot;grandconference_ext_is_parallax_mouse&quot;:&quot;false&quot;,&quot;grandconference_ext_is_infinite&quot;:&quot;false&quot;,&quot;grandconference_ext_is_fadeout_animation&quot;:&quot;false&quot;,&quot;grandconference_ext_mobile_static&quot;:&quot;false&quot;}\">\n\t\t\t\t\t<div class=\"e-con-inner\">\n\t\t<div class=\"elementor-element elementor-element-5e6c85d e-con-full e-flex e-con e-child\" data-id=\"5e6c85d\" data-element_type=\"container\" data-settings=\"{&quot;grandconference_ext_is_background_parallax&quot;:&quot;false&quot;,&quot;grandconference_ext_is_background_backdrop&quot;:&quot;false&quot;,&quot;grandconference_ext_is_background_on_scroll&quot;:&quot;false&quot;,&quot;grandconference_ext_link_sidemenu&quot;:&quot;false&quot;,&quot;grandconference_ext_link_fullmenu&quot;:&quot;false&quot;,&quot;grandconference_ext_link_closed_fullmenu&quot;:&quot;false&quot;,&quot;grandconference_ext_is_sticky&quot;:&quot;false&quot;,&quot;grandconference_ext_is_scrollme&quot;:&quot;false&quot;,&quot;grandconference_ext_is_smoove&quot;:&quot;false&quot;,&quot;grandconference_ext_is_parallax_mouse&quot;:&quot;false&quot;,&quot;grandconference_ext_is_infinite&quot;:&quot;false&quot;,&quot;grandconference_ext_is_fadeout_animation&quot;:&quot;false&quot;,&quot;grandconference_ext_mobile_static&quot;:&quot;false&quot;}\">\n\t\t\t\t<div class=\"elementor-element elementor-element-745edad exad-sticky-section-no exad-glass-effect-no elementor-widget elementor-widget-image\" data-id=\"745edad\" data-element_type=\"widget\" data-settings=\"{&quot;grandconference_image_is_animation&quot;:&quot;false&quot;,&quot;grandconference_ext_link_sidemenu&quot;:&quot;false&quot;,&quot;grandconference_ext_link_fullmenu&quot;:&quot;false&quot;,&quot;grandconference_ext_link_closed_fullmenu&quot;:&quot;false&quot;,&quot;grandconference_ext_is_sticky&quot;:&quot;false&quot;,&quot;grandconference_ext_is_scrollme&quot;:&quot;false&quot;,&quot;grandconference_ext_is_smoove&quot;:&quot;false&quot;,&quot;grandconference_ext_is_parallax_mouse&quot;:&quot;false&quot;,&quot;grandconference_ext_is_infinite&quot;:&quot;false&quot;,&quot;grandconference_ext_is_fadeout_animation&quot;:&quot;false&quot;,&quot;grandconference_ext_mobile_static&quot;:&quot;false&quot;}\" data-widget_type=\"image.default\">\n\t\t\t\t<div class=\"elementor-widget-container\">\n\t\t\t<style>\/*! elementor - v3.21.0 - 08-05-2024 *\/\n.elementor-widget-image{text-align:center}.elementor-widget-image a{display:inline-block}.elementor-widget-image a img[src$=\".svg\"]{width:48px}.elementor-widget-image img{vertical-align:middle;display:inline-block}<\/style>\t\t\t\t\t\t\t\t\t\t\t<a href=\"\/en\/gecmis-etkinlikler\/18-turkcimento-uluslararasi-teknik-seminer-sergisi\/\">\n\t\t\t\t\t\t\t<img fetchpriority=\"high\" decoding=\"async\" width=\"2560\" height=\"1060\" src=\"https:\/\/teknikseminer.com.tr\/wp-content\/uploads\/2026\/02\/4500-scaled.jpg\" class=\"elementor-animation-grow attachment-full size-full wp-image-4943\" alt=\"\" \/>\t\t\t\t\t\t\t\t<\/a>\n\t\t\t\t\t\t\t\t\t\t\t\t\t<\/div>\n\t\t\t\t<\/div>\n\t\t\t\t<\/div>\n\t\t<div class=\"elementor-element elementor-element-f528871 e-con-full e-flex e-con e-child\" data-id=\"f528871\" data-element_type=\"container\" data-settings=\"{&quot;grandconference_ext_is_background_parallax&quot;:&quot;false&quot;,&quot;grandconference_ext_is_background_backdrop&quot;:&quot;false&quot;,&quot;grandconference_ext_is_background_on_scroll&quot;:&quot;false&quot;,&quot;grandconference_ext_link_sidemenu&quot;:&quot;false&quot;,&quot;grandconference_ext_link_fullmenu&quot;:&quot;false&quot;,&quot;grandconference_ext_link_closed_fullmenu&quot;:&quot;false&quot;,&quot;grandconference_ext_is_sticky&quot;:&quot;false&quot;,&quot;grandconference_ext_is_scrollme&quot;:&quot;false&quot;,&quot;grandconference_ext_is_smoove&quot;:&quot;false&quot;,&quot;grandconference_ext_is_parallax_mouse&quot;:&quot;false&quot;,&quot;grandconference_ext_is_infinite&quot;:&quot;false&quot;,&quot;grandconference_ext_is_fadeout_animation&quot;:&quot;false&quot;,&quot;grandconference_ext_mobile_static&quot;:&quot;false&quot;}\">\n\t\t\t\t<div class=\"elementor-element elementor-element-2b59ee1 exad-sticky-section-no exad-glass-effect-no elementor-widget elementor-widget-image\" data-id=\"2b59ee1\" data-element_type=\"widget\" data-settings=\"{&quot;grandconference_image_is_animation&quot;:&quot;false&quot;,&quot;grandconference_ext_link_sidemenu&quot;:&quot;false&quot;,&quot;grandconference_ext_link_fullmenu&quot;:&quot;false&quot;,&quot;grandconference_ext_link_closed_fullmenu&quot;:&quot;false&quot;,&quot;grandconference_ext_is_sticky&quot;:&quot;false&quot;,&quot;grandconference_ext_is_scrollme&quot;:&quot;false&quot;,&quot;grandconference_ext_is_smoove&quot;:&quot;false&quot;,&quot;grandconference_ext_is_parallax_mouse&quot;:&quot;false&quot;,&quot;grandconference_ext_is_infinite&quot;:&quot;false&quot;,&quot;grandconference_ext_is_fadeout_animation&quot;:&quot;false&quot;,&quot;grandconference_ext_mobile_static&quot;:&quot;false&quot;}\" data-widget_type=\"image.default\">\n\t\t\t\t<div class=\"elementor-widget-container\">\n\t\t\t\t\t\t\t\t\t\t\t\t\t\t<a href=\"\/en\/gecmis-etkinlikler\/17-turkcimento-uluslararasi-teknik-seminer-sergisi\/\">\n\t\t\t\t\t\t\t<img decoding=\"async\" width=\"320\" height=\"127\" src=\"https:\/\/teknikseminer.com.tr\/wp-content\/uploads\/2021\/12\/seffaf-logo.png\" class=\"elementor-animation-grow attachment-full size-full wp-image-3267\" alt=\"\" \/>\t\t\t\t\t\t\t\t<\/a>\n\t\t\t\t\t\t\t\t\t\t\t\t\t<\/div>\n\t\t\t\t<\/div>\n\t\t\t\t<\/div>\n\t\t<div class=\"elementor-element elementor-element-0e56478 e-con-full e-flex e-con e-child\" data-id=\"0e56478\" data-element_type=\"container\" data-settings=\"{&quot;grandconference_ext_is_background_parallax&quot;:&quot;false&quot;,&quot;grandconference_ext_is_background_backdrop&quot;:&quot;false&quot;,&quot;grandconference_ext_is_background_on_scroll&quot;:&quot;false&quot;,&quot;grandconference_ext_link_sidemenu&quot;:&quot;false&quot;,&quot;grandconference_ext_link_fullmenu&quot;:&quot;false&quot;,&quot;grandconference_ext_link_closed_fullmenu&quot;:&quot;false&quot;,&quot;grandconference_ext_is_sticky&quot;:&quot;false&quot;,&quot;grandconference_ext_is_scrollme&quot;:&quot;false&quot;,&quot;grandconference_ext_is_smoove&quot;:&quot;false&quot;,&quot;grandconference_ext_is_parallax_mouse&quot;:&quot;false&quot;,&quot;grandconference_ext_is_infinite&quot;:&quot;false&quot;,&quot;grandconference_ext_is_fadeout_animation&quot;:&quot;false&quot;,&quot;grandconference_ext_mobile_static&quot;:&quot;false&quot;}\">\n\t\t\t\t<div class=\"elementor-element elementor-element-7fac98c exad-sticky-section-no exad-glass-effect-no elementor-widget elementor-widget-image\" data-id=\"7fac98c\" data-element_type=\"widget\" data-settings=\"{&quot;grandconference_image_is_animation&quot;:&quot;false&quot;,&quot;grandconference_ext_link_sidemenu&quot;:&quot;false&quot;,&quot;grandconference_ext_link_fullmenu&quot;:&quot;false&quot;,&quot;grandconference_ext_link_closed_fullmenu&quot;:&quot;false&quot;,&quot;grandconference_ext_is_sticky&quot;:&quot;false&quot;,&quot;grandconference_ext_is_scrollme&quot;:&quot;false&quot;,&quot;grandconference_ext_is_smoove&quot;:&quot;false&quot;,&quot;grandconference_ext_is_parallax_mouse&quot;:&quot;false&quot;,&quot;grandconference_ext_is_infinite&quot;:&quot;false&quot;,&quot;grandconference_ext_is_fadeout_animation&quot;:&quot;false&quot;,&quot;grandconference_ext_mobile_static&quot;:&quot;false&quot;}\" data-widget_type=\"image.default\">\n\t\t\t\t<div class=\"elementor-widget-container\">\n\t\t\t\t\t\t\t\t\t\t\t\t\t\t<a href=\"\/en\/gecmis-etkinlikler\/16-turkcimento-uluslararasi-teknik-seminer-sergisi\/\">\n\t\t\t\t\t\t\t<img decoding=\"async\" width=\"320\" height=\"127\" src=\"https:\/\/teknikseminer.com.tr\/wp-content\/uploads\/2025\/03\/teknikseminer-2022.jpg\" class=\"elementor-animation-grow attachment-full size-full wp-image-4402\" alt=\"\" \/>\t\t\t\t\t\t\t\t<\/a>\n\t\t\t\t\t\t\t\t\t\t\t\t\t<\/div>\n\t\t\t\t<\/div>\n\t\t\t\t<\/div>\n\t\t<div class=\"elementor-element elementor-element-6a5d05f e-con-full e-flex e-con e-child\" data-id=\"6a5d05f\" data-element_type=\"container\" data-settings=\"{&quot;grandconference_ext_is_background_parallax&quot;:&quot;false&quot;,&quot;grandconference_ext_is_background_backdrop&quot;:&quot;false&quot;,&quot;grandconference_ext_is_background_on_scroll&quot;:&quot;false&quot;,&quot;grandconference_ext_link_sidemenu&quot;:&quot;false&quot;,&quot;grandconference_ext_link_fullmenu&quot;:&quot;false&quot;,&quot;grandconference_ext_link_closed_fullmenu&quot;:&quot;false&quot;,&quot;grandconference_ext_is_sticky&quot;:&quot;false&quot;,&quot;grandconference_ext_is_scrollme&quot;:&quot;false&quot;,&quot;grandconference_ext_is_smoove&quot;:&quot;false&quot;,&quot;grandconference_ext_is_parallax_mouse&quot;:&quot;false&quot;,&quot;grandconference_ext_is_infinite&quot;:&quot;false&quot;,&quot;grandconference_ext_is_fadeout_animation&quot;:&quot;false&quot;,&quot;grandconference_ext_mobile_static&quot;:&quot;false&quot;}\">\n\t\t\t\t<div class=\"elementor-element elementor-element-4f75ca7 exad-sticky-section-no exad-glass-effect-no elementor-widget elementor-widget-image\" data-id=\"4f75ca7\" data-element_type=\"widget\" data-settings=\"{&quot;grandconference_image_is_animation&quot;:&quot;false&quot;,&quot;grandconference_ext_link_sidemenu&quot;:&quot;false&quot;,&quot;grandconference_ext_link_fullmenu&quot;:&quot;false&quot;,&quot;grandconference_ext_link_closed_fullmenu&quot;:&quot;false&quot;,&quot;grandconference_ext_is_sticky&quot;:&quot;false&quot;,&quot;grandconference_ext_is_scrollme&quot;:&quot;false&quot;,&quot;grandconference_ext_is_smoove&quot;:&quot;false&quot;,&quot;grandconference_ext_is_parallax_mouse&quot;:&quot;false&quot;,&quot;grandconference_ext_is_infinite&quot;:&quot;false&quot;,&quot;grandconference_ext_is_fadeout_animation&quot;:&quot;false&quot;,&quot;grandconference_ext_mobile_static&quot;:&quot;false&quot;}\" data-widget_type=\"image.default\">\n\t\t\t\t<div class=\"elementor-widget-container\">\n\t\t\t\t\t\t\t\t\t\t\t\t\t\t<a href=\"\/en\/gecmis-etkinlikler\/15-tcmb-uluslararasi-teknik-seminer-sergisi\/\">\n\t\t\t\t\t\t\t<img loading=\"lazy\" decoding=\"async\" width=\"320\" height=\"127\" src=\"https:\/\/teknikseminer.com.tr\/wp-content\/uploads\/2025\/03\/teknikseminer-2019.jpg\" class=\"elementor-animation-grow attachment-full size-full wp-image-4334\" alt=\"\" \/>\t\t\t\t\t\t\t\t<\/a>\n\t\t\t\t\t\t\t\t\t\t\t\t\t<\/div>\n\t\t\t\t<\/div>\n\t\t\t\t<\/div>\n\t\t<div class=\"elementor-element elementor-element-bffe8ee e-con-full e-flex e-con e-child\" data-id=\"bffe8ee\" data-element_type=\"container\" data-settings=\"{&quot;grandconference_ext_is_background_parallax&quot;:&quot;false&quot;,&quot;grandconference_ext_is_background_backdrop&quot;:&quot;false&quot;,&quot;grandconference_ext_is_background_on_scroll&quot;:&quot;false&quot;,&quot;grandconference_ext_link_sidemenu&quot;:&quot;false&quot;,&quot;grandconference_ext_link_fullmenu&quot;:&quot;false&quot;,&quot;grandconference_ext_link_closed_fullmenu&quot;:&quot;false&quot;,&quot;grandconference_ext_is_sticky&quot;:&quot;false&quot;,&quot;grandconference_ext_is_scrollme&quot;:&quot;false&quot;,&quot;grandconference_ext_is_smoove&quot;:&quot;false&quot;,&quot;grandconference_ext_is_parallax_mouse&quot;:&quot;false&quot;,&quot;grandconference_ext_is_infinite&quot;:&quot;false&quot;,&quot;grandconference_ext_is_fadeout_animation&quot;:&quot;false&quot;,&quot;grandconference_ext_mobile_static&quot;:&quot;false&quot;}\">\n\t\t\t\t<div class=\"elementor-element elementor-element-5b748b2 exad-sticky-section-no exad-glass-effect-no elementor-widget elementor-widget-image\" data-id=\"5b748b2\" data-element_type=\"widget\" data-settings=\"{&quot;grandconference_image_is_animation&quot;:&quot;false&quot;,&quot;grandconference_ext_link_sidemenu&quot;:&quot;false&quot;,&quot;grandconference_ext_link_fullmenu&quot;:&quot;false&quot;,&quot;grandconference_ext_link_closed_fullmenu&quot;:&quot;false&quot;,&quot;grandconference_ext_is_sticky&quot;:&quot;false&quot;,&quot;grandconference_ext_is_scrollme&quot;:&quot;false&quot;,&quot;grandconference_ext_is_smoove&quot;:&quot;false&quot;,&quot;grandconference_ext_is_parallax_mouse&quot;:&quot;false&quot;,&quot;grandconference_ext_is_infinite&quot;:&quot;false&quot;,&quot;grandconference_ext_is_fadeout_animation&quot;:&quot;false&quot;,&quot;grandconference_ext_mobile_static&quot;:&quot;false&quot;}\" data-widget_type=\"image.default\">\n\t\t\t\t<div class=\"elementor-widget-container\">\n\t\t\t\t\t\t\t\t\t\t\t\t\t\t<a href=\"\/en\/gecmis-etkinlikler\/14-tcmb-uluslararasi-teknik-seminer-sergisi\/\">\n\t\t\t\t\t\t\t<img loading=\"lazy\" decoding=\"async\" width=\"320\" height=\"127\" src=\"https:\/\/teknikseminer.com.tr\/wp-content\/uploads\/2025\/03\/teknikseminer-2017.jpg\" class=\"elementor-animation-grow attachment-full size-full wp-image-4252\" alt=\"\" \/>\t\t\t\t\t\t\t\t<\/a>\n\t\t\t\t\t\t\t\t\t\t\t\t\t<\/div>\n\t\t\t\t<\/div>\n\t\t\t\t<\/div>\n\t\t\t\t\t<\/div>\n\t\t\t\t<\/div>\n\t\t\t\t<\/div>","protected":false},"excerpt":{"rendered":"","protected":false},"author":1,"featured_media":0,"parent":0,"menu_order":0,"comment_status":"closed","ping_status":"closed","template":"","meta":{"footnotes":""},"class_list":["post-4248","page","type-page","status-publish","hentry"],"yoast_head":"<!-- This site is optimized with the Yoast SEO plugin v24.6 - https:\/\/yoast.com\/wordpress\/plugins\/seo\/ -->\n<title>Ge\u00e7mi\u015f Etkinlikler - T\u00dcRK\u00c7\u0130MENTO Uluslararas\u0131 Teknik Seminer 2026<\/title>\n<meta name=\"robots\" content=\"index, follow, max-snippet:-1, max-image-preview:large, max-video-preview:-1\" \/>\n<link rel=\"canonical\" href=\"https:\/\/teknikseminer.com.tr\/en\/gecmis-etkinlikler\/\" \/>\n<meta property=\"og:locale\" content=\"en_GB\" \/>\n<meta property=\"og:type\" content=\"article\" \/>\n<meta property=\"og:title\" content=\"Ge\u00e7mi\u015f Etkinlikler - T\u00dcRK\u00c7\u0130MENTO Uluslararas\u0131 Teknik Seminer 2026\" \/>\n<meta property=\"og:url\" content=\"https:\/\/teknikseminer.com.tr\/en\/gecmis-etkinlikler\/\" \/>\n<meta property=\"og:site_name\" content=\"T\u00dcRK\u00c7\u0130MENTO Uluslararas\u0131 Teknik Seminer 2026\" \/>\n<meta property=\"article:modified_time\" content=\"2026-02-25T14:05:34+00:00\" \/>\n<meta property=\"og:image\" content=\"https:\/\/teknikseminer.com.tr\/wp-content\/uploads\/2026\/02\/4500-scaled.jpg\" \/>\n<meta name=\"twitter:card\" content=\"summary_large_image\" \/>\n<meta name=\"twitter:label1\" content=\"Estimated reading time\" \/>\n\t<meta name=\"twitter:data1\" content=\"2 minutes\" \/>\n<script type=\"application\/ld+json\" class=\"yoast-schema-graph\">{\"@context\":\"https:\/\/schema.org\",\"@graph\":[{\"@type\":\"WebPage\",\"@id\":\"https:\/\/teknikseminer.com.tr\/gecmis-etkinlikler\/\",\"url\":\"https:\/\/teknikseminer.com.tr\/gecmis-etkinlikler\/\",\"name\":\"Ge\u00e7mi\u015f Etkinlikler - T\u00dcRK\u00c7\u0130MENTO Uluslararas\u0131 Teknik Seminer 2026\",\"isPartOf\":{\"@id\":\"https:\/\/teknikseminer.com.tr\/#website\"},\"primaryImageOfPage\":{\"@id\":\"https:\/\/teknikseminer.com.tr\/gecmis-etkinlikler\/#primaryimage\"},\"image\":{\"@id\":\"https:\/\/teknikseminer.com.tr\/gecmis-etkinlikler\/#primaryimage\"},\"thumbnailUrl\":\"https:\/\/teknikseminer.com.tr\/wp-content\/uploads\/2026\/02\/4500-scaled.jpg\",\"datePublished\":\"2025-03-06T09:30:11+00:00\",\"dateModified\":\"2026-02-25T14:05:34+00:00\",\"breadcrumb\":{\"@id\":\"https:\/\/teknikseminer.com.tr\/gecmis-etkinlikler\/#breadcrumb\"},\"inLanguage\":\"en-GB\",\"potentialAction\":[{\"@type\":\"ReadAction\",\"target\":[\"https:\/\/teknikseminer.com.tr\/gecmis-etkinlikler\/\"]}]},{\"@type\":\"ImageObject\",\"inLanguage\":\"en-GB\",\"@id\":\"https:\/\/teknikseminer.com.tr\/gecmis-etkinlikler\/#primaryimage\",\"url\":\"https:\/\/teknikseminer.com.tr\/wp-content\/uploads\/2026\/02\/4500-scaled.jpg\",\"contentUrl\":\"https:\/\/teknikseminer.com.tr\/wp-content\/uploads\/2026\/02\/4500-scaled.jpg\"},{\"@type\":\"BreadcrumbList\",\"@id\":\"https:\/\/teknikseminer.com.tr\/gecmis-etkinlikler\/#breadcrumb\",\"itemListElement\":[{\"@type\":\"ListItem\",\"position\":1,\"name\":\"Anasayfa\",\"item\":\"https:\/\/teknikseminer.com.tr\/\"},{\"@type\":\"ListItem\",\"position\":2,\"name\":\"Ge\u00e7mi\u015f Etkinlikler\"}]},{\"@type\":\"WebSite\",\"@id\":\"https:\/\/teknikseminer.com.tr\/#website\",\"url\":\"https:\/\/teknikseminer.com.tr\/\",\"name\":\"T\u00dcRK\u00c7\u0130MENTO Uluslararas\u0131 Teknik Seminer 2026\",\"description\":\"1-5 Aral\u0131k 2026 - Antalya\",\"publisher\":{\"@id\":\"https:\/\/teknikseminer.com.tr\/#organization\"},\"potentialAction\":[{\"@type\":\"SearchAction\",\"target\":{\"@type\":\"EntryPoint\",\"urlTemplate\":\"https:\/\/teknikseminer.com.tr\/?s={search_term_string}\"},\"query-input\":{\"@type\":\"PropertyValueSpecification\",\"valueRequired\":true,\"valueName\":\"search_term_string\"}}],\"inLanguage\":\"en-GB\"},{\"@type\":\"Organization\",\"@id\":\"https:\/\/teknikseminer.com.tr\/#organization\",\"name\":\"T\u00dcRK\u00c7\u0130MENTO Uluslararas\u0131 Teknik Seminer 2026\",\"url\":\"https:\/\/teknikseminer.com.tr\/\",\"logo\":{\"@type\":\"ImageObject\",\"inLanguage\":\"en-GB\",\"@id\":\"https:\/\/teknikseminer.com.tr\/#\/schema\/logo\/image\/\",\"url\":\"https:\/\/teknikseminer.com.tr\/wp-content\/uploads\/2026\/02\/350x100logo.png\",\"contentUrl\":\"https:\/\/teknikseminer.com.tr\/wp-content\/uploads\/2026\/02\/350x100logo.png\",\"width\":350,\"height\":100,\"caption\":\"T\u00dcRK\u00c7\u0130MENTO Uluslararas\u0131 Teknik Seminer 2026\"},\"image\":{\"@id\":\"https:\/\/teknikseminer.com.tr\/#\/schema\/logo\/image\/\"}}]}<\/script>\n<!-- \/ Yoast SEO plugin. -->","yoast_head_json":{"title":"Ge\u00e7mi\u015f Etkinlikler - T\u00dcRK\u00c7\u0130MENTO Uluslararas\u0131 Teknik Seminer 2026","robots":{"index":"index","follow":"follow","max-snippet":"max-snippet:-1","max-image-preview":"max-image-preview:large","max-video-preview":"max-video-preview:-1"},"canonical":"https:\/\/teknikseminer.com.tr\/en\/gecmis-etkinlikler\/","og_locale":"en_GB","og_type":"article","og_title":"Ge\u00e7mi\u015f Etkinlikler - T\u00dcRK\u00c7\u0130MENTO Uluslararas\u0131 Teknik Seminer 2026","og_url":"https:\/\/teknikseminer.com.tr\/en\/gecmis-etkinlikler\/","og_site_name":"T\u00dcRK\u00c7\u0130MENTO Uluslararas\u0131 Teknik Seminer 2026","article_modified_time":"2026-02-25T14:05:34+00:00","og_image":[{"url":"https:\/\/teknikseminer.com.tr\/wp-content\/uploads\/2026\/02\/4500-scaled.jpg","type":"","width":"","height":""}],"twitter_card":"summary_large_image","twitter_misc":{"Estimated reading time":"2 minutes"},"schema":{"@context":"https:\/\/schema.org","@graph":[{"@type":"WebPage","@id":"https:\/\/teknikseminer.com.tr\/gecmis-etkinlikler\/","url":"https:\/\/teknikseminer.com.tr\/gecmis-etkinlikler\/","name":"Ge\u00e7mi\u015f Etkinlikler - T\u00dcRK\u00c7\u0130MENTO Uluslararas\u0131 Teknik Seminer 2026","isPartOf":{"@id":"https:\/\/teknikseminer.com.tr\/#website"},"primaryImageOfPage":{"@id":"https:\/\/teknikseminer.com.tr\/gecmis-etkinlikler\/#primaryimage"},"image":{"@id":"https:\/\/teknikseminer.com.tr\/gecmis-etkinlikler\/#primaryimage"},"thumbnailUrl":"https:\/\/teknikseminer.com.tr\/wp-content\/uploads\/2026\/02\/4500-scaled.jpg","datePublished":"2025-03-06T09:30:11+00:00","dateModified":"2026-02-25T14:05:34+00:00","breadcrumb":{"@id":"https:\/\/teknikseminer.com.tr\/gecmis-etkinlikler\/#breadcrumb"},"inLanguage":"en-GB","potentialAction":[{"@type":"ReadAction","target":["https:\/\/teknikseminer.com.tr\/gecmis-etkinlikler\/"]}]},{"@type":"ImageObject","inLanguage":"en-GB","@id":"https:\/\/teknikseminer.com.tr\/gecmis-etkinlikler\/#primaryimage","url":"https:\/\/teknikseminer.com.tr\/wp-content\/uploads\/2026\/02\/4500-scaled.jpg","contentUrl":"https:\/\/teknikseminer.com.tr\/wp-content\/uploads\/2026\/02\/4500-scaled.jpg"},{"@type":"BreadcrumbList","@id":"https:\/\/teknikseminer.com.tr\/gecmis-etkinlikler\/#breadcrumb","itemListElement":[{"@type":"ListItem","position":1,"name":"Anasayfa","item":"https:\/\/teknikseminer.com.tr\/"},{"@type":"ListItem","position":2,"name":"Ge\u00e7mi\u015f Etkinlikler"}]},{"@type":"WebSite","@id":"https:\/\/teknikseminer.com.tr\/#website","url":"https:\/\/teknikseminer.com.tr\/","name":"T\u00dcRK\u00c7\u0130MENTO Uluslararas\u0131 Teknik Seminer 2026","description":"1-5 Aral\u0131k 2026 - Antalya","publisher":{"@id":"https:\/\/teknikseminer.com.tr\/#organization"},"potentialAction":[{"@type":"SearchAction","target":{"@type":"EntryPoint","urlTemplate":"https:\/\/teknikseminer.com.tr\/?s={search_term_string}"},"query-input":{"@type":"PropertyValueSpecification","valueRequired":true,"valueName":"search_term_string"}}],"inLanguage":"en-GB"},{"@type":"Organization","@id":"https:\/\/teknikseminer.com.tr\/#organization","name":"T\u00dcRK\u00c7\u0130MENTO Uluslararas\u0131 Teknik Seminer 2026","url":"https:\/\/teknikseminer.com.tr\/","logo":{"@type":"ImageObject","inLanguage":"en-GB","@id":"https:\/\/teknikseminer.com.tr\/#\/schema\/logo\/image\/","url":"https:\/\/teknikseminer.com.tr\/wp-content\/uploads\/2026\/02\/350x100logo.png","contentUrl":"https:\/\/teknikseminer.com.tr\/wp-content\/uploads\/2026\/02\/350x100logo.png","width":350,"height":100,"caption":"T\u00dcRK\u00c7\u0130MENTO Uluslararas\u0131 Teknik Seminer 2026"},"image":{"@id":"https:\/\/teknikseminer.com.tr\/#\/schema\/logo\/image\/"}}]}},"_links":{"self":[{"href":"https:\/\/teknikseminer.com.tr\/en\/wp-json\/wp\/v2\/pages\/4248","targetHints":{"allow":["GET"]}}],"collection":[{"href":"https:\/\/teknikseminer.com.tr\/en\/wp-json\/wp\/v2\/pages"}],"about":[{"href":"https:\/\/teknikseminer.com.tr\/en\/wp-json\/wp\/v2\/types\/page"}],"author":[{"embeddable":true,"href":"https:\/\/teknikseminer.com.tr\/en\/wp-json\/wp\/v2\/users\/1"}],"replies":[{"embeddable":true,"href":"https:\/\/teknikseminer.com.tr\/en\/wp-json\/wp\/v2\/comments?post=4248"}],"version-history":[{"count":51,"href":"https:\/\/teknikseminer.com.tr\/en\/wp-json\/wp\/v2\/pages\/4248\/revisions"}],"predecessor-version":[{"id":4979,"href":"https:\/\/teknikseminer.com.tr\/en\/wp-json\/wp\/v2\/pages\/4248\/revisions\/4979"}],"wp:attachment":[{"href":"https:\/\/teknikseminer.com.tr\/en\/wp-json\/wp\/v2\/media?parent=4248"}],"curies":[{"name":"wp","href":"https:\/\/api.w.org\/{rel}","templated":true}]}}