{"id":3959,"date":"2024-10-04T14:48:40","date_gmt":"2024-10-04T11:48:40","guid":{"rendered":"https:\/\/teknikseminer.com.tr\/?page_id=3959"},"modified":"2025-11-20T11:16:15","modified_gmt":"2025-11-20T08:16:15","slug":"bildiri-kitabi","status":"publish","type":"page","link":"https:\/\/teknikseminer.com.tr\/en\/bildiri-kitabi\/","title":{"rendered":"Abstract Book"},"content":{"rendered":"<div data-elementor-type=\"wp-page\" data-elementor-id=\"3959\" class=\"elementor elementor-3959\">\n\t\t\t\t<div class=\"elementor-element elementor-element-c2906df e-flex e-con-boxed e-con e-parent\" data-id=\"c2906df\" data-element_type=\"container\" data-settings=\"{&quot;grandconference_ext_is_background_parallax&quot;:&quot;false&quot;,&quot;grandconference_ext_is_background_backdrop&quot;:&quot;false&quot;,&quot;grandconference_ext_is_background_on_scroll&quot;:&quot;false&quot;,&quot;grandconference_ext_link_sidemenu&quot;:&quot;false&quot;,&quot;grandconference_ext_link_fullmenu&quot;:&quot;false&quot;,&quot;grandconference_ext_link_closed_fullmenu&quot;:&quot;false&quot;,&quot;grandconference_ext_is_sticky&quot;:&quot;false&quot;,&quot;grandconference_ext_is_scrollme&quot;:&quot;false&quot;,&quot;grandconference_ext_is_smoove&quot;:&quot;false&quot;,&quot;grandconference_ext_is_parallax_mouse&quot;:&quot;false&quot;,&quot;grandconference_ext_is_infinite&quot;:&quot;false&quot;,&quot;grandconference_ext_is_fadeout_animation&quot;:&quot;false&quot;,&quot;grandconference_ext_mobile_static&quot;:&quot;false&quot;}\">\n\t\t\t\t\t<div class=\"e-con-inner\">\n\t\t\t\t<div class=\"elementor-element elementor-element-e14290c elementor-view-default elementor-position-top elementor-mobile-position-top exad-sticky-section-no exad-glass-effect-no elementor-widget elementor-widget-icon-box\" data-id=\"e14290c\" data-element_type=\"widget\" data-settings=\"{&quot;grandconference_ext_link_sidemenu&quot;:&quot;false&quot;,&quot;grandconference_ext_link_fullmenu&quot;:&quot;false&quot;,&quot;grandconference_ext_link_closed_fullmenu&quot;:&quot;false&quot;,&quot;grandconference_ext_is_sticky&quot;:&quot;false&quot;,&quot;grandconference_ext_is_scrollme&quot;:&quot;false&quot;,&quot;grandconference_ext_is_smoove&quot;:&quot;false&quot;,&quot;grandconference_ext_is_parallax_mouse&quot;:&quot;false&quot;,&quot;grandconference_ext_is_infinite&quot;:&quot;false&quot;,&quot;grandconference_ext_is_fadeout_animation&quot;:&quot;false&quot;,&quot;grandconference_ext_mobile_static&quot;:&quot;false&quot;}\" data-widget_type=\"icon-box.default\">\n\t\t\t\t<div class=\"elementor-widget-container\">\n\t\t\t<link rel=\"stylesheet\" href=\"https:\/\/teknikseminer.com.tr\/wp-content\/plugins\/elementor\/assets\/css\/widget-icon-box.min.css\">\t\t<div class=\"elementor-icon-box-wrapper\">\n\n\t\t\t\t\t\t<div class=\"elementor-icon-box-icon\">\n\t\t\t\t<a href=\"https:\/\/teknikseminer.com.tr\/wp-content\/uploads\/2025\/11\/teknikseminerbildiriozeti2025.pdf\" target=\"_blank\" rel=\"nofollow\" class=\"elementor-icon elementor-animation-\" tabindex=\"-1\">\n\t\t\t\t<i aria-hidden=\"true\" class=\"teenyicon ti-pdf\"><\/i>\t\t\t\t<\/a>\n\t\t\t<\/div>\n\t\t\t\n\t\t\t\t\t\t<div class=\"elementor-icon-box-content\">\n\n\t\t\t\t\t\t\t\t\t<h3 class=\"elementor-icon-box-title\">\n\t\t\t\t\t\t<a href=\"https:\/\/teknikseminer.com.tr\/wp-content\/uploads\/2025\/11\/teknikseminerbildiriozeti2025.pdf\" target=\"_blank\" rel=\"nofollow\" >\n\t\t\t\t\t\t\tClick here for download.\t\t\t\t\t\t<\/a>\n\t\t\t\t\t<\/h3>\n\t\t\t\t\n\t\t\t\t\t\t\t\t\t<p class=\"elementor-icon-box-description\">\n\t\t\t\t\t\tPDF (3,48MB)\t\t\t\t\t<\/p>\n\t\t\t\t\n\t\t\t<\/div>\n\t\t\t\n\t\t<\/div>\n\t\t\t\t<\/div>\n\t\t\t\t<\/div>\n\t\t\t\t\t<\/div>\n\t\t\t\t<\/div>\n\t\t\t\t<\/div>","protected":false},"excerpt":{"rendered":"<p>\u0130ndirmek i\u00e7in t\u0131klay\u0131n. PDF (3,48MB)<\/p>","protected":false},"author":2,"featured_media":0,"parent":0,"menu_order":0,"comment_status":"closed","ping_status":"closed","template":"","meta":{"footnotes":""},"class_list":["post-3959","page","type-page","status-publish","hentry"],"yoast_head":"<!-- This site is optimized with the Yoast SEO plugin v24.6 - https:\/\/yoast.com\/wordpress\/plugins\/seo\/ -->\n<title>Bildiri Kitab\u0131 - T\u00dcRK\u00c7\u0130MENTO Uluslararas\u0131 Teknik Seminer 2026<\/title>\n<meta name=\"robots\" content=\"index, follow, max-snippet:-1, max-image-preview:large, max-video-preview:-1\" \/>\n<link rel=\"canonical\" href=\"https:\/\/teknikseminer.com.tr\/en\/bildiri-kitabi\/\" \/>\n<meta property=\"og:locale\" content=\"en_GB\" \/>\n<meta property=\"og:type\" content=\"article\" \/>\n<meta property=\"og:title\" content=\"Bildiri Kitab\u0131 - T\u00dcRK\u00c7\u0130MENTO Uluslararas\u0131 Teknik Seminer 2026\" \/>\n<meta property=\"og:description\" content=\"\u0130ndirmek i\u00e7in t\u0131klay\u0131n. PDF (3,48MB)\" \/>\n<meta property=\"og:url\" content=\"https:\/\/teknikseminer.com.tr\/en\/bildiri-kitabi\/\" \/>\n<meta property=\"og:site_name\" content=\"T\u00dcRK\u00c7\u0130MENTO Uluslararas\u0131 Teknik Seminer 2026\" \/>\n<meta property=\"article:modified_time\" content=\"2025-11-20T08:16:15+00:00\" \/>\n<meta name=\"twitter:card\" content=\"summary_large_image\" \/>\n<script type=\"application\/ld+json\" class=\"yoast-schema-graph\">{\"@context\":\"https:\/\/schema.org\",\"@graph\":[{\"@type\":\"WebPage\",\"@id\":\"https:\/\/teknikseminer.com.tr\/bildiri-kitabi\/\",\"url\":\"https:\/\/teknikseminer.com.tr\/bildiri-kitabi\/\",\"name\":\"Bildiri Kitab\u0131 - T\u00dcRK\u00c7\u0130MENTO Uluslararas\u0131 Teknik Seminer 2026\",\"isPartOf\":{\"@id\":\"https:\/\/teknikseminer.com.tr\/#website\"},\"datePublished\":\"2024-10-04T11:48:40+00:00\",\"dateModified\":\"2025-11-20T08:16:15+00:00\",\"breadcrumb\":{\"@id\":\"https:\/\/teknikseminer.com.tr\/bildiri-kitabi\/#breadcrumb\"},\"inLanguage\":\"en-GB\",\"potentialAction\":[{\"@type\":\"ReadAction\",\"target\":[\"https:\/\/teknikseminer.com.tr\/bildiri-kitabi\/\"]}]},{\"@type\":\"BreadcrumbList\",\"@id\":\"https:\/\/teknikseminer.com.tr\/bildiri-kitabi\/#breadcrumb\",\"itemListElement\":[{\"@type\":\"ListItem\",\"position\":1,\"name\":\"Anasayfa\",\"item\":\"https:\/\/teknikseminer.com.tr\/\"},{\"@type\":\"ListItem\",\"position\":2,\"name\":\"Bildiri Kitab\u0131\"}]},{\"@type\":\"WebSite\",\"@id\":\"https:\/\/teknikseminer.com.tr\/#website\",\"url\":\"https:\/\/teknikseminer.com.tr\/\",\"name\":\"T\u00dcRK\u00c7\u0130MENTO Uluslararas\u0131 Teknik Seminer 2026\",\"description\":\"1-5 Aral\u0131k 2026 - Antalya\",\"publisher\":{\"@id\":\"https:\/\/teknikseminer.com.tr\/#organization\"},\"potentialAction\":[{\"@type\":\"SearchAction\",\"target\":{\"@type\":\"EntryPoint\",\"urlTemplate\":\"https:\/\/teknikseminer.com.tr\/?s={search_term_string}\"},\"query-input\":{\"@type\":\"PropertyValueSpecification\",\"valueRequired\":true,\"valueName\":\"search_term_string\"}}],\"inLanguage\":\"en-GB\"},{\"@type\":\"Organization\",\"@id\":\"https:\/\/teknikseminer.com.tr\/#organization\",\"name\":\"T\u00dcRK\u00c7\u0130MENTO Uluslararas\u0131 Teknik Seminer 2026\",\"url\":\"https:\/\/teknikseminer.com.tr\/\",\"logo\":{\"@type\":\"ImageObject\",\"inLanguage\":\"en-GB\",\"@id\":\"https:\/\/teknikseminer.com.tr\/#\/schema\/logo\/image\/\",\"url\":\"https:\/\/teknikseminer.com.tr\/wp-content\/uploads\/2026\/02\/350x100logo.png\",\"contentUrl\":\"https:\/\/teknikseminer.com.tr\/wp-content\/uploads\/2026\/02\/350x100logo.png\",\"width\":350,\"height\":100,\"caption\":\"T\u00dcRK\u00c7\u0130MENTO Uluslararas\u0131 Teknik Seminer 2026\"},\"image\":{\"@id\":\"https:\/\/teknikseminer.com.tr\/#\/schema\/logo\/image\/\"}}]}<\/script>\n<!-- \/ Yoast SEO plugin. -->","yoast_head_json":{"title":"Bildiri Kitab\u0131 - T\u00dcRK\u00c7\u0130MENTO Uluslararas\u0131 Teknik Seminer 2026","robots":{"index":"index","follow":"follow","max-snippet":"max-snippet:-1","max-image-preview":"max-image-preview:large","max-video-preview":"max-video-preview:-1"},"canonical":"https:\/\/teknikseminer.com.tr\/en\/bildiri-kitabi\/","og_locale":"en_GB","og_type":"article","og_title":"Bildiri Kitab\u0131 - T\u00dcRK\u00c7\u0130MENTO Uluslararas\u0131 Teknik Seminer 2026","og_description":"\u0130ndirmek i\u00e7in t\u0131klay\u0131n. PDF (3,48MB)","og_url":"https:\/\/teknikseminer.com.tr\/en\/bildiri-kitabi\/","og_site_name":"T\u00dcRK\u00c7\u0130MENTO Uluslararas\u0131 Teknik Seminer 2026","article_modified_time":"2025-11-20T08:16:15+00:00","twitter_card":"summary_large_image","schema":{"@context":"https:\/\/schema.org","@graph":[{"@type":"WebPage","@id":"https:\/\/teknikseminer.com.tr\/bildiri-kitabi\/","url":"https:\/\/teknikseminer.com.tr\/bildiri-kitabi\/","name":"Bildiri Kitab\u0131 - T\u00dcRK\u00c7\u0130MENTO Uluslararas\u0131 Teknik Seminer 2026","isPartOf":{"@id":"https:\/\/teknikseminer.com.tr\/#website"},"datePublished":"2024-10-04T11:48:40+00:00","dateModified":"2025-11-20T08:16:15+00:00","breadcrumb":{"@id":"https:\/\/teknikseminer.com.tr\/bildiri-kitabi\/#breadcrumb"},"inLanguage":"en-GB","potentialAction":[{"@type":"ReadAction","target":["https:\/\/teknikseminer.com.tr\/bildiri-kitabi\/"]}]},{"@type":"BreadcrumbList","@id":"https:\/\/teknikseminer.com.tr\/bildiri-kitabi\/#breadcrumb","itemListElement":[{"@type":"ListItem","position":1,"name":"Anasayfa","item":"https:\/\/teknikseminer.com.tr\/"},{"@type":"ListItem","position":2,"name":"Bildiri Kitab\u0131"}]},{"@type":"WebSite","@id":"https:\/\/teknikseminer.com.tr\/#website","url":"https:\/\/teknikseminer.com.tr\/","name":"T\u00dcRK\u00c7\u0130MENTO Uluslararas\u0131 Teknik Seminer 2026","description":"1-5 Aral\u0131k 2026 - Antalya","publisher":{"@id":"https:\/\/teknikseminer.com.tr\/#organization"},"potentialAction":[{"@type":"SearchAction","target":{"@type":"EntryPoint","urlTemplate":"https:\/\/teknikseminer.com.tr\/?s={search_term_string}"},"query-input":{"@type":"PropertyValueSpecification","valueRequired":true,"valueName":"search_term_string"}}],"inLanguage":"en-GB"},{"@type":"Organization","@id":"https:\/\/teknikseminer.com.tr\/#organization","name":"T\u00dcRK\u00c7\u0130MENTO Uluslararas\u0131 Teknik Seminer 2026","url":"https:\/\/teknikseminer.com.tr\/","logo":{"@type":"ImageObject","inLanguage":"en-GB","@id":"https:\/\/teknikseminer.com.tr\/#\/schema\/logo\/image\/","url":"https:\/\/teknikseminer.com.tr\/wp-content\/uploads\/2026\/02\/350x100logo.png","contentUrl":"https:\/\/teknikseminer.com.tr\/wp-content\/uploads\/2026\/02\/350x100logo.png","width":350,"height":100,"caption":"T\u00dcRK\u00c7\u0130MENTO Uluslararas\u0131 Teknik Seminer 2026"},"image":{"@id":"https:\/\/teknikseminer.com.tr\/#\/schema\/logo\/image\/"}}]}},"_links":{"self":[{"href":"https:\/\/teknikseminer.com.tr\/en\/wp-json\/wp\/v2\/pages\/3959","targetHints":{"allow":["GET"]}}],"collection":[{"href":"https:\/\/teknikseminer.com.tr\/en\/wp-json\/wp\/v2\/pages"}],"about":[{"href":"https:\/\/teknikseminer.com.tr\/en\/wp-json\/wp\/v2\/types\/page"}],"author":[{"embeddable":true,"href":"https:\/\/teknikseminer.com.tr\/en\/wp-json\/wp\/v2\/users\/2"}],"replies":[{"embeddable":true,"href":"https:\/\/teknikseminer.com.tr\/en\/wp-json\/wp\/v2\/comments?post=3959"}],"version-history":[{"count":22,"href":"https:\/\/teknikseminer.com.tr\/en\/wp-json\/wp\/v2\/pages\/3959\/revisions"}],"predecessor-version":[{"id":4937,"href":"https:\/\/teknikseminer.com.tr\/en\/wp-json\/wp\/v2\/pages\/3959\/revisions\/4937"}],"wp:attachment":[{"href":"https:\/\/teknikseminer.com.tr\/en\/wp-json\/wp\/v2\/media?parent=3959"}],"curies":[{"name":"wp","href":"https:\/\/api.w.org\/{rel}","templated":true}]}}