{"id":3447,"date":"2024-03-07T14:53:22","date_gmt":"2024-03-07T11:53:22","guid":{"rendered":"https:\/\/teknikseminer.com.tr\/?page_id=3447"},"modified":"2025-10-28T10:43:56","modified_gmt":"2025-10-28T07:43:56","slug":"stant-alani","status":"publish","type":"page","link":"https:\/\/teknikseminer.com.tr\/en\/stant-alani\/","title":{"rendered":"Booth Plan"},"content":{"rendered":"<div data-elementor-type=\"wp-page\" data-elementor-id=\"3447\" class=\"elementor elementor-3447\">\n\t\t\t\t\t\t<section class=\"elementor-section elementor-top-section elementor-element elementor-element-201c7439 elementor-section-full_width elementor-section-stretched elementor-section-height-default elementor-section-height-default exad-glass-effect-no exad-sticky-section-no\" data-id=\"201c7439\" data-element_type=\"section\" data-settings=\"{&quot;stretch_section&quot;:&quot;section-stretched&quot;,&quot;grandconference_ext_is_background_parallax&quot;:&quot;false&quot;,&quot;grandconference_ext_is_background_backdrop&quot;:&quot;false&quot;,&quot;grandconference_ext_is_background_on_scroll&quot;:&quot;false&quot;}\">\n\t\t\t\t\t\t<div class=\"elementor-container elementor-column-gap-default\">\n\t\t\t\t\t<div class=\"elementor-column elementor-col-100 elementor-top-column elementor-element elementor-element-b51a49 exad-glass-effect-no exad-sticky-section-no\" data-id=\"b51a49\" data-element_type=\"column\" data-settings=\"{&quot;grandconference_ext_link_sidemenu&quot;:&quot;false&quot;,&quot;grandconference_ext_link_fullmenu&quot;:&quot;false&quot;,&quot;grandconference_ext_link_closed_fullmenu&quot;:&quot;false&quot;,&quot;grandconference_ext_is_sticky&quot;:&quot;false&quot;,&quot;grandconference_ext_is_scrollme&quot;:&quot;false&quot;,&quot;grandconference_ext_is_smoove&quot;:&quot;false&quot;,&quot;grandconference_ext_is_parallax_mouse&quot;:&quot;false&quot;,&quot;grandconference_ext_is_infinite&quot;:&quot;false&quot;,&quot;grandconference_ext_is_fadeout_animation&quot;:&quot;false&quot;,&quot;grandconference_ext_mobile_static&quot;:&quot;false&quot;}\">\n\t\t\t<div class=\"elementor-widget-wrap elementor-element-populated\">\n\t\t\t\t\t\t<div class=\"elementor-element elementor-element-197b5cc exad-sticky-section-no exad-glass-effect-no elementor-widget elementor-widget-image\" data-id=\"197b5cc\" data-element_type=\"widget\" data-settings=\"{&quot;grandconference_image_is_animation&quot;:&quot;false&quot;,&quot;grandconference_ext_link_sidemenu&quot;:&quot;false&quot;,&quot;grandconference_ext_link_fullmenu&quot;:&quot;false&quot;,&quot;grandconference_ext_link_closed_fullmenu&quot;:&quot;false&quot;,&quot;grandconference_ext_is_sticky&quot;:&quot;false&quot;,&quot;grandconference_ext_is_scrollme&quot;:&quot;false&quot;,&quot;grandconference_ext_is_smoove&quot;:&quot;false&quot;,&quot;grandconference_ext_is_parallax_mouse&quot;:&quot;false&quot;,&quot;grandconference_ext_is_infinite&quot;:&quot;false&quot;,&quot;grandconference_ext_is_fadeout_animation&quot;:&quot;false&quot;,&quot;grandconference_ext_mobile_static&quot;:&quot;false&quot;}\" data-widget_type=\"image.default\">\n\t\t\t\t<div class=\"elementor-widget-container\">\n\t\t\t<style>\/*! elementor - v3.21.0 - 08-05-2024 *\/\n.elementor-widget-image{text-align:center}.elementor-widget-image a{display:inline-block}.elementor-widget-image a img[src$=\".svg\"]{width:48px}.elementor-widget-image img{vertical-align:middle;display:inline-block}<\/style>\t\t\t\t\t\t\t\t\t\t\t<a href=\"https:\/\/teknikseminer.com.tr\/wp-content\/uploads\/2025\/10\/REGNUM-STAND-PLANI-REV1-1-scaled.jpg\" data-elementor-open-lightbox=\"yes\" data-e-action-hash=\"#elementor-action%3Aaction%3Dlightbox%26settings%3DeyJpZCI6NDg3MCwidXJsIjpmYWxzZX0%3D\">\n\t\t\t\t\t\t\t<img decoding=\"async\" src=\"https:\/\/teknikseminer.com.tr\/wp-content\/uploads\/2025\/10\/REGNUM-STAND-PLANI-REV1-1-scaled.jpg\" title=\"\" alt=\"\" loading=\"lazy\" \/>\t\t\t\t\t\t\t\t<\/a>\n\t\t\t\t\t\t\t\t\t\t\t\t\t<\/div>\n\t\t\t\t<\/div>\n\t\t\t\t\t<\/div>\n\t\t<\/div>\n\t\t\t\t\t<\/div>\n\t\t<\/section>\n\t\t\t\t<\/div>","protected":false},"excerpt":{"rendered":"","protected":false},"author":1,"featured_media":0,"parent":0,"menu_order":0,"comment_status":"closed","ping_status":"closed","template":"","meta":{"footnotes":""},"class_list":["post-3447","page","type-page","status-publish","hentry"],"yoast_head":"<!-- This site is optimized with the Yoast SEO plugin v24.6 - https:\/\/yoast.com\/wordpress\/plugins\/seo\/ -->\n<title>Stant Alan\u0131 - T\u00dcRK\u00c7\u0130MENTO Uluslararas\u0131 Teknik Seminer 2026<\/title>\n<meta name=\"robots\" content=\"index, follow, max-snippet:-1, max-image-preview:large, max-video-preview:-1\" \/>\n<link rel=\"canonical\" href=\"https:\/\/teknikseminer.com.tr\/en\/stant-alani\/\" \/>\n<meta property=\"og:locale\" content=\"en_GB\" \/>\n<meta property=\"og:type\" content=\"article\" \/>\n<meta property=\"og:title\" content=\"Stant Alan\u0131 - T\u00dcRK\u00c7\u0130MENTO Uluslararas\u0131 Teknik Seminer 2026\" \/>\n<meta property=\"og:url\" content=\"https:\/\/teknikseminer.com.tr\/en\/stant-alani\/\" \/>\n<meta property=\"og:site_name\" content=\"T\u00dcRK\u00c7\u0130MENTO Uluslararas\u0131 Teknik Seminer 2026\" \/>\n<meta property=\"article:modified_time\" content=\"2025-10-28T07:43:56+00:00\" \/>\n<meta name=\"twitter:card\" content=\"summary_large_image\" \/>\n<meta name=\"twitter:label1\" content=\"Estimated reading time\" \/>\n\t<meta name=\"twitter:data1\" content=\"1 minute\" \/>\n<script type=\"application\/ld+json\" class=\"yoast-schema-graph\">{\"@context\":\"https:\/\/schema.org\",\"@graph\":[{\"@type\":\"WebPage\",\"@id\":\"https:\/\/teknikseminer.com.tr\/stant-alani\/\",\"url\":\"https:\/\/teknikseminer.com.tr\/stant-alani\/\",\"name\":\"Stant Alan\u0131 - T\u00dcRK\u00c7\u0130MENTO Uluslararas\u0131 Teknik Seminer 2026\",\"isPartOf\":{\"@id\":\"https:\/\/teknikseminer.com.tr\/#website\"},\"primaryImageOfPage\":{\"@id\":\"https:\/\/teknikseminer.com.tr\/stant-alani\/#primaryimage\"},\"image\":{\"@id\":\"https:\/\/teknikseminer.com.tr\/stant-alani\/#primaryimage\"},\"thumbnailUrl\":\"https:\/\/teknikseminer.com.tr\/wp-content\/uploads\/2025\/10\/REGNUM-STAND-PLANI-REV1-1-scaled.jpg\",\"datePublished\":\"2024-03-07T11:53:22+00:00\",\"dateModified\":\"2025-10-28T07:43:56+00:00\",\"breadcrumb\":{\"@id\":\"https:\/\/teknikseminer.com.tr\/stant-alani\/#breadcrumb\"},\"inLanguage\":\"en-GB\",\"potentialAction\":[{\"@type\":\"ReadAction\",\"target\":[\"https:\/\/teknikseminer.com.tr\/stant-alani\/\"]}]},{\"@type\":\"ImageObject\",\"inLanguage\":\"en-GB\",\"@id\":\"https:\/\/teknikseminer.com.tr\/stant-alani\/#primaryimage\",\"url\":\"https:\/\/teknikseminer.com.tr\/wp-content\/uploads\/2025\/10\/REGNUM-STAND-PLANI-REV1-1-scaled.jpg\",\"contentUrl\":\"https:\/\/teknikseminer.com.tr\/wp-content\/uploads\/2025\/10\/REGNUM-STAND-PLANI-REV1-1-scaled.jpg\"},{\"@type\":\"BreadcrumbList\",\"@id\":\"https:\/\/teknikseminer.com.tr\/stant-alani\/#breadcrumb\",\"itemListElement\":[{\"@type\":\"ListItem\",\"position\":1,\"name\":\"Anasayfa\",\"item\":\"https:\/\/teknikseminer.com.tr\/\"},{\"@type\":\"ListItem\",\"position\":2,\"name\":\"Stant Alan\u0131\"}]},{\"@type\":\"WebSite\",\"@id\":\"https:\/\/teknikseminer.com.tr\/#website\",\"url\":\"https:\/\/teknikseminer.com.tr\/\",\"name\":\"T\u00dcRK\u00c7\u0130MENTO Uluslararas\u0131 Teknik Seminer 2026\",\"description\":\"1-5 Aral\u0131k 2026 - Antalya\",\"publisher\":{\"@id\":\"https:\/\/teknikseminer.com.tr\/#organization\"},\"potentialAction\":[{\"@type\":\"SearchAction\",\"target\":{\"@type\":\"EntryPoint\",\"urlTemplate\":\"https:\/\/teknikseminer.com.tr\/?s={search_term_string}\"},\"query-input\":{\"@type\":\"PropertyValueSpecification\",\"valueRequired\":true,\"valueName\":\"search_term_string\"}}],\"inLanguage\":\"en-GB\"},{\"@type\":\"Organization\",\"@id\":\"https:\/\/teknikseminer.com.tr\/#organization\",\"name\":\"T\u00dcRK\u00c7\u0130MENTO Uluslararas\u0131 Teknik Seminer 2026\",\"url\":\"https:\/\/teknikseminer.com.tr\/\",\"logo\":{\"@type\":\"ImageObject\",\"inLanguage\":\"en-GB\",\"@id\":\"https:\/\/teknikseminer.com.tr\/#\/schema\/logo\/image\/\",\"url\":\"https:\/\/teknikseminer.com.tr\/wp-content\/uploads\/2026\/02\/350x100logo.png\",\"contentUrl\":\"https:\/\/teknikseminer.com.tr\/wp-content\/uploads\/2026\/02\/350x100logo.png\",\"width\":350,\"height\":100,\"caption\":\"T\u00dcRK\u00c7\u0130MENTO Uluslararas\u0131 Teknik Seminer 2026\"},\"image\":{\"@id\":\"https:\/\/teknikseminer.com.tr\/#\/schema\/logo\/image\/\"}}]}<\/script>\n<!-- \/ Yoast SEO plugin. -->","yoast_head_json":{"title":"Stant Alan\u0131 - T\u00dcRK\u00c7\u0130MENTO Uluslararas\u0131 Teknik Seminer 2026","robots":{"index":"index","follow":"follow","max-snippet":"max-snippet:-1","max-image-preview":"max-image-preview:large","max-video-preview":"max-video-preview:-1"},"canonical":"https:\/\/teknikseminer.com.tr\/en\/stant-alani\/","og_locale":"en_GB","og_type":"article","og_title":"Stant Alan\u0131 - T\u00dcRK\u00c7\u0130MENTO Uluslararas\u0131 Teknik Seminer 2026","og_url":"https:\/\/teknikseminer.com.tr\/en\/stant-alani\/","og_site_name":"T\u00dcRK\u00c7\u0130MENTO Uluslararas\u0131 Teknik Seminer 2026","article_modified_time":"2025-10-28T07:43:56+00:00","twitter_card":"summary_large_image","twitter_misc":{"Estimated reading time":"1 minute"},"schema":{"@context":"https:\/\/schema.org","@graph":[{"@type":"WebPage","@id":"https:\/\/teknikseminer.com.tr\/stant-alani\/","url":"https:\/\/teknikseminer.com.tr\/stant-alani\/","name":"Stant Alan\u0131 - T\u00dcRK\u00c7\u0130MENTO Uluslararas\u0131 Teknik Seminer 2026","isPartOf":{"@id":"https:\/\/teknikseminer.com.tr\/#website"},"primaryImageOfPage":{"@id":"https:\/\/teknikseminer.com.tr\/stant-alani\/#primaryimage"},"image":{"@id":"https:\/\/teknikseminer.com.tr\/stant-alani\/#primaryimage"},"thumbnailUrl":"https:\/\/teknikseminer.com.tr\/wp-content\/uploads\/2025\/10\/REGNUM-STAND-PLANI-REV1-1-scaled.jpg","datePublished":"2024-03-07T11:53:22+00:00","dateModified":"2025-10-28T07:43:56+00:00","breadcrumb":{"@id":"https:\/\/teknikseminer.com.tr\/stant-alani\/#breadcrumb"},"inLanguage":"en-GB","potentialAction":[{"@type":"ReadAction","target":["https:\/\/teknikseminer.com.tr\/stant-alani\/"]}]},{"@type":"ImageObject","inLanguage":"en-GB","@id":"https:\/\/teknikseminer.com.tr\/stant-alani\/#primaryimage","url":"https:\/\/teknikseminer.com.tr\/wp-content\/uploads\/2025\/10\/REGNUM-STAND-PLANI-REV1-1-scaled.jpg","contentUrl":"https:\/\/teknikseminer.com.tr\/wp-content\/uploads\/2025\/10\/REGNUM-STAND-PLANI-REV1-1-scaled.jpg"},{"@type":"BreadcrumbList","@id":"https:\/\/teknikseminer.com.tr\/stant-alani\/#breadcrumb","itemListElement":[{"@type":"ListItem","position":1,"name":"Anasayfa","item":"https:\/\/teknikseminer.com.tr\/"},{"@type":"ListItem","position":2,"name":"Stant Alan\u0131"}]},{"@type":"WebSite","@id":"https:\/\/teknikseminer.com.tr\/#website","url":"https:\/\/teknikseminer.com.tr\/","name":"T\u00dcRK\u00c7\u0130MENTO Uluslararas\u0131 Teknik Seminer 2026","description":"1-5 Aral\u0131k 2026 - Antalya","publisher":{"@id":"https:\/\/teknikseminer.com.tr\/#organization"},"potentialAction":[{"@type":"SearchAction","target":{"@type":"EntryPoint","urlTemplate":"https:\/\/teknikseminer.com.tr\/?s={search_term_string}"},"query-input":{"@type":"PropertyValueSpecification","valueRequired":true,"valueName":"search_term_string"}}],"inLanguage":"en-GB"},{"@type":"Organization","@id":"https:\/\/teknikseminer.com.tr\/#organization","name":"T\u00dcRK\u00c7\u0130MENTO Uluslararas\u0131 Teknik Seminer 2026","url":"https:\/\/teknikseminer.com.tr\/","logo":{"@type":"ImageObject","inLanguage":"en-GB","@id":"https:\/\/teknikseminer.com.tr\/#\/schema\/logo\/image\/","url":"https:\/\/teknikseminer.com.tr\/wp-content\/uploads\/2026\/02\/350x100logo.png","contentUrl":"https:\/\/teknikseminer.com.tr\/wp-content\/uploads\/2026\/02\/350x100logo.png","width":350,"height":100,"caption":"T\u00dcRK\u00c7\u0130MENTO Uluslararas\u0131 Teknik Seminer 2026"},"image":{"@id":"https:\/\/teknikseminer.com.tr\/#\/schema\/logo\/image\/"}}]}},"_links":{"self":[{"href":"https:\/\/teknikseminer.com.tr\/en\/wp-json\/wp\/v2\/pages\/3447","targetHints":{"allow":["GET"]}}],"collection":[{"href":"https:\/\/teknikseminer.com.tr\/en\/wp-json\/wp\/v2\/pages"}],"about":[{"href":"https:\/\/teknikseminer.com.tr\/en\/wp-json\/wp\/v2\/types\/page"}],"author":[{"embeddable":true,"href":"https:\/\/teknikseminer.com.tr\/en\/wp-json\/wp\/v2\/users\/1"}],"replies":[{"embeddable":true,"href":"https:\/\/teknikseminer.com.tr\/en\/wp-json\/wp\/v2\/comments?post=3447"}],"version-history":[{"count":26,"href":"https:\/\/teknikseminer.com.tr\/en\/wp-json\/wp\/v2\/pages\/3447\/revisions"}],"predecessor-version":[{"id":4873,"href":"https:\/\/teknikseminer.com.tr\/en\/wp-json\/wp\/v2\/pages\/3447\/revisions\/4873"}],"wp:attachment":[{"href":"https:\/\/teknikseminer.com.tr\/en\/wp-json\/wp\/v2\/media?parent=3447"}],"curies":[{"name":"wp","href":"https:\/\/api.w.org\/{rel}","templated":true}]}}