{"id":1185,"date":"2021-12-20T10:57:45","date_gmt":"2021-12-20T10:57:45","guid":{"rendered":"https:\/\/grandconference.themegoods.com\/v5\/?page_id=1185"},"modified":"2026-02-27T10:52:43","modified_gmt":"2026-02-27T07:52:43","slug":"etkinlik-hakkinda","status":"publish","type":"page","link":"https:\/\/teknikseminer.com.tr\/en\/etkinlik-hakkinda\/","title":{"rendered":"About the Event"},"content":{"rendered":"<div data-elementor-type=\"wp-page\" data-elementor-id=\"1185\" class=\"elementor elementor-1185\">\n\t\t\t\t\t\t<section class=\"elementor-section elementor-top-section elementor-element elementor-element-c8b1d41 elementor-section-stretched elementor-section-boxed elementor-section-height-default elementor-section-height-default exad-glass-effect-no exad-sticky-section-no\" data-id=\"c8b1d41\" data-element_type=\"section\" data-settings=\"{&quot;stretch_section&quot;:&quot;section-stretched&quot;,&quot;background_background&quot;:&quot;classic&quot;,&quot;grandconference_ext_is_background_parallax&quot;:&quot;false&quot;,&quot;grandconference_ext_is_background_backdrop&quot;:&quot;false&quot;}\">\n\t\t\t\t\t\t<div class=\"elementor-container elementor-column-gap-default\">\n\t\t\t\t\t<div class=\"elementor-column elementor-col-100 elementor-top-column elementor-element elementor-element-efdb7a3 exad-glass-effect-no exad-sticky-section-no\" data-id=\"efdb7a3\" data-element_type=\"column\" data-settings=\"{&quot;grandconference_ext_link_sidemenu&quot;:&quot;false&quot;,&quot;grandconference_ext_link_fullmenu&quot;:&quot;false&quot;,&quot;grandconference_ext_link_closed_fullmenu&quot;:&quot;false&quot;,&quot;grandconference_ext_is_sticky&quot;:&quot;false&quot;,&quot;grandconference_ext_is_scrollme&quot;:&quot;false&quot;,&quot;grandconference_ext_is_smoove&quot;:&quot;false&quot;,&quot;grandconference_ext_is_parallax_mouse&quot;:&quot;false&quot;,&quot;grandconference_ext_is_infinite&quot;:&quot;false&quot;,&quot;grandconference_ext_is_fadeout_animation&quot;:&quot;false&quot;,&quot;grandconference_ext_mobile_static&quot;:&quot;false&quot;}\">\n\t\t\t<div class=\"elementor-widget-wrap elementor-element-populated\">\n\t\t\t\t\t\t<div class=\"elementor-element elementor-element-05165ea exad-sticky-section-no exad-glass-effect-no elementor-widget elementor-widget-heading\" data-id=\"05165ea\" data-element_type=\"widget\" data-settings=\"{&quot;grandconference_ext_link_sidemenu&quot;:&quot;false&quot;,&quot;grandconference_ext_link_fullmenu&quot;:&quot;false&quot;,&quot;grandconference_ext_link_closed_fullmenu&quot;:&quot;false&quot;,&quot;grandconference_ext_is_sticky&quot;:&quot;false&quot;,&quot;grandconference_ext_is_scrollme&quot;:&quot;false&quot;,&quot;grandconference_ext_is_parallax_mouse&quot;:&quot;false&quot;,&quot;grandconference_ext_is_infinite&quot;:&quot;false&quot;,&quot;grandconference_ext_is_fadeout_animation&quot;:&quot;false&quot;,&quot;grandconference_ext_mobile_static&quot;:&quot;false&quot;}\" data-widget_type=\"heading.default\">\n\t\t\t\t<div class=\"elementor-widget-container\">\n\t\t\t<style>\/*! elementor - v3.21.0 - 08-05-2024 *\/\n.elementor-heading-title{padding:0;margin:0;line-height:1}.elementor-widget-heading .elementor-heading-title[class*=elementor-size-]>a{color:inherit;font-size:inherit;line-height:inherit}.elementor-widget-heading .elementor-heading-title.elementor-size-small{font-size:15px}.elementor-widget-heading .elementor-heading-title.elementor-size-medium{font-size:19px}.elementor-widget-heading .elementor-heading-title.elementor-size-large{font-size:29px}.elementor-widget-heading .elementor-heading-title.elementor-size-xl{font-size:39px}.elementor-widget-heading .elementor-heading-title.elementor-size-xxl{font-size:59px}<\/style><h2 class=\"elementor-heading-title elementor-size-default\">19. T\u00dcRK\u00c7\u0130MENTO Uluslararas\u0131<br>Teknik Seminer &amp; Sergisi\n\n<br>19th T\u00dcRK\u00c7\u0130MENTO International Technical Seminar &amp;Exhibition<\/h2>\t\t<\/div>\n\t\t\t\t<\/div>\n\t\t\t\t<div class=\"elementor-element elementor-element-0fcb038 exad-sticky-section-no exad-glass-effect-no elementor-widget elementor-widget-text-editor\" data-id=\"0fcb038\" data-element_type=\"widget\" data-settings=\"{&quot;grandconference_ext_link_sidemenu&quot;:&quot;false&quot;,&quot;grandconference_ext_link_fullmenu&quot;:&quot;false&quot;,&quot;grandconference_ext_link_closed_fullmenu&quot;:&quot;false&quot;,&quot;grandconference_ext_is_sticky&quot;:&quot;false&quot;,&quot;grandconference_ext_is_scrollme&quot;:&quot;false&quot;,&quot;grandconference_ext_is_parallax_mouse&quot;:&quot;false&quot;,&quot;grandconference_ext_is_infinite&quot;:&quot;false&quot;,&quot;grandconference_ext_is_fadeout_animation&quot;:&quot;false&quot;,&quot;grandconference_ext_mobile_static&quot;:&quot;false&quot;}\" data-widget_type=\"text-editor.default\">\n\t\t\t\t<div class=\"elementor-widget-container\">\n\t\t\t<style>\/*! elementor - v3.21.0 - 08-05-2024 *\/\n.elementor-widget-text-editor.elementor-drop-cap-view-stacked .elementor-drop-cap{background-color:#69727d;color:#fff}.elementor-widget-text-editor.elementor-drop-cap-view-framed .elementor-drop-cap{color:#69727d;border:3px solid;background-color:transparent}.elementor-widget-text-editor:not(.elementor-drop-cap-view-default) .elementor-drop-cap{margin-top:8px}.elementor-widget-text-editor:not(.elementor-drop-cap-view-default) .elementor-drop-cap-letter{width:1em;height:1em}.elementor-widget-text-editor .elementor-drop-cap{float:left;text-align:center;line-height:1;font-size:50px}.elementor-widget-text-editor .elementor-drop-cap-letter{display:inline-block}<\/style>\t\t\t\t<p>1-5 Aral\u0131k 2026<br \/><span class=\"subtitle\">Regnum Carya Golf Resort &amp; Spa \/ Serik &#8211; Antalya<\/span><\/p>\t\t\t\t\t\t<\/div>\n\t\t\t\t<\/div>\n\t\t\t\t<div class=\"elementor-element elementor-element-19cc1e6 exad-sticky-section-no exad-glass-effect-no elementor-widget elementor-widget-text-editor\" data-id=\"19cc1e6\" data-element_type=\"widget\" data-settings=\"{&quot;grandconference_ext_link_sidemenu&quot;:&quot;false&quot;,&quot;grandconference_ext_link_fullmenu&quot;:&quot;false&quot;,&quot;grandconference_ext_link_closed_fullmenu&quot;:&quot;false&quot;,&quot;grandconference_ext_is_sticky&quot;:&quot;false&quot;,&quot;grandconference_ext_is_scrollme&quot;:&quot;false&quot;,&quot;grandconference_ext_is_smoove&quot;:&quot;false&quot;,&quot;grandconference_ext_is_parallax_mouse&quot;:&quot;false&quot;,&quot;grandconference_ext_is_infinite&quot;:&quot;false&quot;,&quot;grandconference_ext_is_fadeout_animation&quot;:&quot;false&quot;,&quot;grandconference_ext_mobile_static&quot;:&quot;false&quot;}\" data-widget_type=\"text-editor.default\">\n\t\t\t\t<div class=\"elementor-widget-container\">\n\t\t\t\t\t\t\t<p>We have been organizing our event since 1987, which aims to enable local and foreign companies serving the cement sector to introduce the technologies they have developed to cement producers, to help managers follow new developments concerning the sector and to provide a comparison environment for the investments they are considering for their businesses.<\/p><p>T\u00dcRK\u00c7\u0130MENTO olarak en son 2025 y\u0131l\u0131nda uluslararas\u0131 d\u00fczeyde ba\u015far\u0131 sa\u011flad\u0131\u011f\u0131m\u0131z etkinli\u011fimiz, 1000 ki\u015fi \u00fczerinde ulusal ve uluslararas\u0131 kat\u0131l\u0131mc\u0131 ve 250 sekt\u00f6r yetkilisi ile ulusal ve uluslararas\u0131 \u00e7imento end\u00fcstrisini bir araya getirmi\u015f, i\u00e7eri\u011fi, sunumlar\u0131 ve davetli konu\u015fmac\u0131lar\u0131 ile hem ulusal hem de uluslararas\u0131 platformda b\u00fcy\u00fck be\u011feni kazanm\u0131\u015ft\u0131.<\/p><p>Gelen yo\u011fun talebe istinaden yeniden 2026 y\u0131l\u0131nda Teknik Seminer program\u0131n\u0131 bu kez T\u00fcrkiye\u2019nin en kaliteli otellerinden biri olan Regnum Carya Golf Resort &amp; Spa\u2019da d\u00fczenliyoruz.<\/p><p>Hope to meet again in Antalya...<\/p><p>For registration and details:\u00a0<a style=\"color: #fbaa19;\" href=\"mailto:tekniks@turkcimento.org.tr\">tekniks@turkcimento.org.tr<\/a><\/p><p><strong>Regnum Carya Golf Resort &amp; Spa<\/strong><br \/>Kadriye B\u00f6lgesi, \u00dc\u00e7kum Tepesi Mevkii, 07500 Serik\/Antalya<br \/><a style=\"color: #fbaa19;\" href=\"http:\/\/www.regnumhotels.com\/\" target=\"_blank\" rel=\"noopener\">Click here for website.<\/a><\/p>\t\t\t\t\t\t<\/div>\n\t\t\t\t<\/div>\n\t\t\t\t\t<\/div>\n\t\t<\/div>\n\t\t\t\t\t<\/div>\n\t\t<\/section>\n\t\t\t\t<\/div>","protected":false},"excerpt":{"rendered":"<p>19. T\u00dcRK\u00c7\u0130MENTO Uluslararas\u0131Teknik Seminer &amp; Sergisi 19th T\u00dcRK\u00c7\u0130MENTO International Technical Seminar &amp;Exhibition 1-5 Aral\u0131k 2026Regnum Carya Golf Resort &amp; Spa \/ Serik &#8211; Antalya \u00c7imento sekt\u00f6r\u00fcne hizmet veren yerli ve yabanc\u0131 firmalar\u0131n, geli\u015ftirdikleri teknolojileri \u00e7imento \u00fcreticilerine tan\u0131tmalar\u0131na imkan vermek, y\u00f6neticilerin [&hellip;]<\/p>","protected":false},"author":1,"featured_media":0,"parent":0,"menu_order":21,"comment_status":"closed","ping_status":"closed","template":"","meta":{"footnotes":""},"class_list":["post-1185","page","type-page","status-publish","hentry"],"yoast_head":"<!-- This site is optimized with the Yoast SEO plugin v24.6 - https:\/\/yoast.com\/wordpress\/plugins\/seo\/ -->\n<title>Etkinlik Hakk\u0131nda - T\u00dcRK\u00c7\u0130MENTO Uluslararas\u0131 Teknik Seminer 2026<\/title>\n<meta name=\"robots\" content=\"index, follow, max-snippet:-1, max-image-preview:large, max-video-preview:-1\" \/>\n<link rel=\"canonical\" href=\"https:\/\/teknikseminer.com.tr\/en\/etkinlik-hakkinda\/\" \/>\n<meta property=\"og:locale\" content=\"en_GB\" \/>\n<meta property=\"og:type\" content=\"article\" \/>\n<meta property=\"og:title\" content=\"Etkinlik Hakk\u0131nda - T\u00dcRK\u00c7\u0130MENTO Uluslararas\u0131 Teknik Seminer 2026\" \/>\n<meta property=\"og:description\" content=\"19. T\u00dcRK\u00c7\u0130MENTO Uluslararas\u0131Teknik Seminer &amp; Sergisi 19th T\u00dcRK\u00c7\u0130MENTO International Technical Seminar &amp;Exhibition 1-5 Aral\u0131k 2026Regnum Carya Golf Resort &amp; Spa \/ Serik &#8211; Antalya \u00c7imento sekt\u00f6r\u00fcne hizmet veren yerli ve yabanc\u0131 firmalar\u0131n, geli\u015ftirdikleri teknolojileri \u00e7imento \u00fcreticilerine tan\u0131tmalar\u0131na imkan vermek, y\u00f6neticilerin [&hellip;]\" \/>\n<meta property=\"og:url\" content=\"https:\/\/teknikseminer.com.tr\/en\/etkinlik-hakkinda\/\" \/>\n<meta property=\"og:site_name\" content=\"T\u00dcRK\u00c7\u0130MENTO Uluslararas\u0131 Teknik Seminer 2026\" \/>\n<meta property=\"article:modified_time\" content=\"2026-02-27T07:52:43+00:00\" \/>\n<meta name=\"twitter:card\" content=\"summary_large_image\" \/>\n<meta name=\"twitter:label1\" content=\"Estimated reading time\" \/>\n\t<meta name=\"twitter:data1\" content=\"1 minute\" \/>\n<script type=\"application\/ld+json\" class=\"yoast-schema-graph\">{\"@context\":\"https:\/\/schema.org\",\"@graph\":[{\"@type\":\"WebPage\",\"@id\":\"https:\/\/teknikseminer.com.tr\/etkinlik-hakkinda\/\",\"url\":\"https:\/\/teknikseminer.com.tr\/etkinlik-hakkinda\/\",\"name\":\"Etkinlik Hakk\u0131nda - T\u00dcRK\u00c7\u0130MENTO Uluslararas\u0131 Teknik Seminer 2026\",\"isPartOf\":{\"@id\":\"https:\/\/teknikseminer.com.tr\/#website\"},\"datePublished\":\"2021-12-20T10:57:45+00:00\",\"dateModified\":\"2026-02-27T07:52:43+00:00\",\"breadcrumb\":{\"@id\":\"https:\/\/teknikseminer.com.tr\/etkinlik-hakkinda\/#breadcrumb\"},\"inLanguage\":\"en-GB\",\"potentialAction\":[{\"@type\":\"ReadAction\",\"target\":[\"https:\/\/teknikseminer.com.tr\/etkinlik-hakkinda\/\"]}]},{\"@type\":\"BreadcrumbList\",\"@id\":\"https:\/\/teknikseminer.com.tr\/etkinlik-hakkinda\/#breadcrumb\",\"itemListElement\":[{\"@type\":\"ListItem\",\"position\":1,\"name\":\"Anasayfa\",\"item\":\"https:\/\/teknikseminer.com.tr\/\"},{\"@type\":\"ListItem\",\"position\":2,\"name\":\"Etkinlik Hakk\u0131nda\"}]},{\"@type\":\"WebSite\",\"@id\":\"https:\/\/teknikseminer.com.tr\/#website\",\"url\":\"https:\/\/teknikseminer.com.tr\/\",\"name\":\"T\u00dcRK\u00c7\u0130MENTO Uluslararas\u0131 Teknik Seminer 2026\",\"description\":\"1-5 Aral\u0131k 2026 - Antalya\",\"publisher\":{\"@id\":\"https:\/\/teknikseminer.com.tr\/#organization\"},\"potentialAction\":[{\"@type\":\"SearchAction\",\"target\":{\"@type\":\"EntryPoint\",\"urlTemplate\":\"https:\/\/teknikseminer.com.tr\/?s={search_term_string}\"},\"query-input\":{\"@type\":\"PropertyValueSpecification\",\"valueRequired\":true,\"valueName\":\"search_term_string\"}}],\"inLanguage\":\"en-GB\"},{\"@type\":\"Organization\",\"@id\":\"https:\/\/teknikseminer.com.tr\/#organization\",\"name\":\"T\u00dcRK\u00c7\u0130MENTO Uluslararas\u0131 Teknik Seminer 2026\",\"url\":\"https:\/\/teknikseminer.com.tr\/\",\"logo\":{\"@type\":\"ImageObject\",\"inLanguage\":\"en-GB\",\"@id\":\"https:\/\/teknikseminer.com.tr\/#\/schema\/logo\/image\/\",\"url\":\"https:\/\/teknikseminer.com.tr\/wp-content\/uploads\/2026\/02\/350x100logo.png\",\"contentUrl\":\"https:\/\/teknikseminer.com.tr\/wp-content\/uploads\/2026\/02\/350x100logo.png\",\"width\":350,\"height\":100,\"caption\":\"T\u00dcRK\u00c7\u0130MENTO Uluslararas\u0131 Teknik Seminer 2026\"},\"image\":{\"@id\":\"https:\/\/teknikseminer.com.tr\/#\/schema\/logo\/image\/\"}}]}<\/script>\n<!-- \/ Yoast SEO plugin. -->","yoast_head_json":{"title":"Etkinlik Hakk\u0131nda - T\u00dcRK\u00c7\u0130MENTO Uluslararas\u0131 Teknik Seminer 2026","robots":{"index":"index","follow":"follow","max-snippet":"max-snippet:-1","max-image-preview":"max-image-preview:large","max-video-preview":"max-video-preview:-1"},"canonical":"https:\/\/teknikseminer.com.tr\/en\/etkinlik-hakkinda\/","og_locale":"en_GB","og_type":"article","og_title":"Etkinlik Hakk\u0131nda - T\u00dcRK\u00c7\u0130MENTO Uluslararas\u0131 Teknik Seminer 2026","og_description":"19. T\u00dcRK\u00c7\u0130MENTO Uluslararas\u0131Teknik Seminer &amp; Sergisi 19th T\u00dcRK\u00c7\u0130MENTO International Technical Seminar &amp;Exhibition 1-5 Aral\u0131k 2026Regnum Carya Golf Resort &amp; Spa \/ Serik &#8211; Antalya \u00c7imento sekt\u00f6r\u00fcne hizmet veren yerli ve yabanc\u0131 firmalar\u0131n, geli\u015ftirdikleri teknolojileri \u00e7imento \u00fcreticilerine tan\u0131tmalar\u0131na imkan vermek, y\u00f6neticilerin [&hellip;]","og_url":"https:\/\/teknikseminer.com.tr\/en\/etkinlik-hakkinda\/","og_site_name":"T\u00dcRK\u00c7\u0130MENTO Uluslararas\u0131 Teknik Seminer 2026","article_modified_time":"2026-02-27T07:52:43+00:00","twitter_card":"summary_large_image","twitter_misc":{"Estimated reading time":"1 minute"},"schema":{"@context":"https:\/\/schema.org","@graph":[{"@type":"WebPage","@id":"https:\/\/teknikseminer.com.tr\/etkinlik-hakkinda\/","url":"https:\/\/teknikseminer.com.tr\/etkinlik-hakkinda\/","name":"Etkinlik Hakk\u0131nda - T\u00dcRK\u00c7\u0130MENTO Uluslararas\u0131 Teknik Seminer 2026","isPartOf":{"@id":"https:\/\/teknikseminer.com.tr\/#website"},"datePublished":"2021-12-20T10:57:45+00:00","dateModified":"2026-02-27T07:52:43+00:00","breadcrumb":{"@id":"https:\/\/teknikseminer.com.tr\/etkinlik-hakkinda\/#breadcrumb"},"inLanguage":"en-GB","potentialAction":[{"@type":"ReadAction","target":["https:\/\/teknikseminer.com.tr\/etkinlik-hakkinda\/"]}]},{"@type":"BreadcrumbList","@id":"https:\/\/teknikseminer.com.tr\/etkinlik-hakkinda\/#breadcrumb","itemListElement":[{"@type":"ListItem","position":1,"name":"Anasayfa","item":"https:\/\/teknikseminer.com.tr\/"},{"@type":"ListItem","position":2,"name":"Etkinlik Hakk\u0131nda"}]},{"@type":"WebSite","@id":"https:\/\/teknikseminer.com.tr\/#website","url":"https:\/\/teknikseminer.com.tr\/","name":"T\u00dcRK\u00c7\u0130MENTO Uluslararas\u0131 Teknik Seminer 2026","description":"1-5 Aral\u0131k 2026 - Antalya","publisher":{"@id":"https:\/\/teknikseminer.com.tr\/#organization"},"potentialAction":[{"@type":"SearchAction","target":{"@type":"EntryPoint","urlTemplate":"https:\/\/teknikseminer.com.tr\/?s={search_term_string}"},"query-input":{"@type":"PropertyValueSpecification","valueRequired":true,"valueName":"search_term_string"}}],"inLanguage":"en-GB"},{"@type":"Organization","@id":"https:\/\/teknikseminer.com.tr\/#organization","name":"T\u00dcRK\u00c7\u0130MENTO Uluslararas\u0131 Teknik Seminer 2026","url":"https:\/\/teknikseminer.com.tr\/","logo":{"@type":"ImageObject","inLanguage":"en-GB","@id":"https:\/\/teknikseminer.com.tr\/#\/schema\/logo\/image\/","url":"https:\/\/teknikseminer.com.tr\/wp-content\/uploads\/2026\/02\/350x100logo.png","contentUrl":"https:\/\/teknikseminer.com.tr\/wp-content\/uploads\/2026\/02\/350x100logo.png","width":350,"height":100,"caption":"T\u00dcRK\u00c7\u0130MENTO Uluslararas\u0131 Teknik Seminer 2026"},"image":{"@id":"https:\/\/teknikseminer.com.tr\/#\/schema\/logo\/image\/"}}]}},"_links":{"self":[{"href":"https:\/\/teknikseminer.com.tr\/en\/wp-json\/wp\/v2\/pages\/1185","targetHints":{"allow":["GET"]}}],"collection":[{"href":"https:\/\/teknikseminer.com.tr\/en\/wp-json\/wp\/v2\/pages"}],"about":[{"href":"https:\/\/teknikseminer.com.tr\/en\/wp-json\/wp\/v2\/types\/page"}],"author":[{"embeddable":true,"href":"https:\/\/teknikseminer.com.tr\/en\/wp-json\/wp\/v2\/users\/1"}],"replies":[{"embeddable":true,"href":"https:\/\/teknikseminer.com.tr\/en\/wp-json\/wp\/v2\/comments?post=1185"}],"version-history":[{"count":56,"href":"https:\/\/teknikseminer.com.tr\/en\/wp-json\/wp\/v2\/pages\/1185\/revisions"}],"predecessor-version":[{"id":5070,"href":"https:\/\/teknikseminer.com.tr\/en\/wp-json\/wp\/v2\/pages\/1185\/revisions\/5070"}],"wp:attachment":[{"href":"https:\/\/teknikseminer.com.tr\/en\/wp-json\/wp\/v2\/media?parent=1185"}],"curies":[{"name":"wp","href":"https:\/\/api.w.org\/{rel}","templated":true}]}}